{"id":5398,"date":"2020-10-20T08:48:51","date_gmt":"2020-10-20T06:48:51","guid":{"rendered":"https:\/\/angleo.com\/accueil\/"},"modified":"2023-03-10T15:40:55","modified_gmt":"2023-03-10T14:40:55","slug":"accueil","status":"publish","type":"page","link":"https:\/\/angleo.com\/en\/","title":{"rendered":"Home Page"},"content":{"rendered":"","protected":false},"excerpt":{"rendered":"","protected":false},"author":1,"featured_media":0,"parent":0,"menu_order":0,"comment_status":"closed","ping_status":"closed","template":"","meta":{"_acf_changed":false,"_et_pb_use_builder":"off","_et_pb_old_content":"","_et_gb_content_width":"","inline_featured_image":false,"footnotes":""},"class_list":["post-5398","page","type-page","status-publish","hentry"],"acf":[],"yoast_head":"<!-- This site is optimized with the Yoast SEO plugin v27.2 - https:\/\/yoast.com\/product\/yoast-seo-wordpress\/ -->\n<title>Angl\u00e9o - Baln\u00e9o &amp; Spa - Les Angles dans les Pyr\u00e9n\u00e9es-Orientale<\/title>\n<meta name=\"description\" content=\"Massages, baignades, soins esth\u00e9tiques, aquagym, c\u2019est \u00e0 vous de choisir\u2026 et pourquoi pas tout essayer ?\" \/>\n<meta name=\"robots\" content=\"index, follow, max-snippet:-1, max-image-preview:large, max-video-preview:-1\" \/>\n<link rel=\"canonical\" href=\"https:\/\/angleo.com\/en\/\" \/>\n<meta property=\"og:locale\" content=\"en_US\" \/>\n<meta property=\"og:type\" content=\"article\" \/>\n<meta property=\"og:title\" content=\"Angl\u00e9o - Baln\u00e9o &amp; Spa - Les Angles dans les Pyr\u00e9n\u00e9es-Orientale\" \/>\n<meta property=\"og:description\" content=\"Massages, baignades, soins esth\u00e9tiques, aquagym, c\u2019est \u00e0 vous de choisir\u2026 et pourquoi pas tout essayer ?\" \/>\n<meta property=\"og:site_name\" content=\"Angleo\" \/>\n<meta property=\"article:publisher\" content=\"https:\/\/www.facebook.com\/angleobalneospa\" \/>\n<meta property=\"article:modified_time\" content=\"2023-03-10T14:40:55+00:00\" \/>\n<meta name=\"twitter:card\" content=\"summary_large_image\" \/>\n<script type=\"application\/ld+json\" class=\"yoast-schema-graph\">{\"@context\":\"https:\/\/schema.org\",\"@graph\":[{\"@type\":\"WebPage\",\"@id\":\"https:\/\/angleo.com\/en\/\",\"url\":\"https:\/\/angleo.com\/en\/\",\"name\":\"Angl\u00e9o - Baln\u00e9o & Spa - Les Angles dans les Pyr\u00e9n\u00e9es-Orientale\",\"isPartOf\":{\"@id\":\"https:\/\/angleo.com\/en\/#website\"},\"datePublished\":\"2020-10-20T06:48:51+00:00\",\"dateModified\":\"2023-03-10T14:40:55+00:00\",\"description\":\"Massages, baignades, soins esth\u00e9tiques, aquagym, c\u2019est \u00e0 vous de choisir\u2026 et pourquoi pas tout essayer ?\",\"breadcrumb\":{\"@id\":\"https:\/\/angleo.com\/en\/#breadcrumb\"},\"inLanguage\":\"en-US\",\"potentialAction\":[{\"@type\":\"ReadAction\",\"target\":[\"https:\/\/angleo.com\/en\/\"]}]},{\"@type\":\"BreadcrumbList\",\"@id\":\"https:\/\/angleo.com\/en\/#breadcrumb\",\"itemListElement\":[{\"@type\":\"ListItem\",\"position\":1,\"name\":\"Accueil\",\"item\":\"https:\/\/angleo.com\/en\/\"},{\"@type\":\"ListItem\",\"position\":2,\"name\":\"Home Page\"}]},{\"@type\":\"WebSite\",\"@id\":\"https:\/\/angleo.com\/en\/#website\",\"url\":\"https:\/\/angleo.com\/en\/\",\"name\":\"Angleo\",\"description\":\"Un site utilisant Les sites de la plateforme Les Angles\",\"potentialAction\":[{\"@type\":\"SearchAction\",\"target\":{\"@type\":\"EntryPoint\",\"urlTemplate\":\"https:\/\/angleo.com\/en\/?s={search_term_string}\"},\"query-input\":{\"@type\":\"PropertyValueSpecification\",\"valueRequired\":true,\"valueName\":\"search_term_string\"}}],\"inLanguage\":\"en-US\"}]}<\/script>\n<!-- \/ Yoast SEO plugin. -->","yoast_head_json":{"title":"Angl\u00e9o - Baln\u00e9o & Spa - Les Angles dans les Pyr\u00e9n\u00e9es-Orientale","description":"Massages, baignades, soins esth\u00e9tiques, aquagym, c\u2019est \u00e0 vous de choisir\u2026 et pourquoi pas tout essayer ?","robots":{"index":"index","follow":"follow","max-snippet":"max-snippet:-1","max-image-preview":"max-image-preview:large","max-video-preview":"max-video-preview:-1"},"canonical":"https:\/\/angleo.com\/en\/","og_locale":"en_US","og_type":"article","og_title":"Angl\u00e9o - Baln\u00e9o & Spa - Les Angles dans les Pyr\u00e9n\u00e9es-Orientale","og_description":"Massages, baignades, soins esth\u00e9tiques, aquagym, c\u2019est \u00e0 vous de choisir\u2026 et pourquoi pas tout essayer ?","og_site_name":"Angleo","article_publisher":"https:\/\/www.facebook.com\/angleobalneospa","article_modified_time":"2023-03-10T14:40:55+00:00","twitter_card":"summary_large_image","schema":{"@context":"https:\/\/schema.org","@graph":[{"@type":"WebPage","@id":"https:\/\/angleo.com\/en\/","url":"https:\/\/angleo.com\/en\/","name":"Angl\u00e9o - Baln\u00e9o & Spa - Les Angles dans les Pyr\u00e9n\u00e9es-Orientale","isPartOf":{"@id":"https:\/\/angleo.com\/en\/#website"},"datePublished":"2020-10-20T06:48:51+00:00","dateModified":"2023-03-10T14:40:55+00:00","description":"Massages, baignades, soins esth\u00e9tiques, aquagym, c\u2019est \u00e0 vous de choisir\u2026 et pourquoi pas tout essayer ?","breadcrumb":{"@id":"https:\/\/angleo.com\/en\/#breadcrumb"},"inLanguage":"en-US","potentialAction":[{"@type":"ReadAction","target":["https:\/\/angleo.com\/en\/"]}]},{"@type":"BreadcrumbList","@id":"https:\/\/angleo.com\/en\/#breadcrumb","itemListElement":[{"@type":"ListItem","position":1,"name":"Accueil","item":"https:\/\/angleo.com\/en\/"},{"@type":"ListItem","position":2,"name":"Home Page"}]},{"@type":"WebSite","@id":"https:\/\/angleo.com\/en\/#website","url":"https:\/\/angleo.com\/en\/","name":"Angleo","description":"Un site utilisant Les sites de la plateforme Les Angles","potentialAction":[{"@type":"SearchAction","target":{"@type":"EntryPoint","urlTemplate":"https:\/\/angleo.com\/en\/?s={search_term_string}"},"query-input":{"@type":"PropertyValueSpecification","valueRequired":true,"valueName":"search_term_string"}}],"inLanguage":"en-US"}]}},"_links":{"self":[{"href":"https:\/\/angleo.com\/en\/wp-json\/wp\/v2\/pages\/5398","targetHints":{"allow":["GET"]}}],"collection":[{"href":"https:\/\/angleo.com\/en\/wp-json\/wp\/v2\/pages"}],"about":[{"href":"https:\/\/angleo.com\/en\/wp-json\/wp\/v2\/types\/page"}],"author":[{"embeddable":true,"href":"https:\/\/angleo.com\/en\/wp-json\/wp\/v2\/users\/1"}],"replies":[{"embeddable":true,"href":"https:\/\/angleo.com\/en\/wp-json\/wp\/v2\/comments?post=5398"}],"version-history":[{"count":0,"href":"https:\/\/angleo.com\/en\/wp-json\/wp\/v2\/pages\/5398\/revisions"}],"wp:attachment":[{"href":"https:\/\/angleo.com\/en\/wp-json\/wp\/v2\/media?parent=5398"}],"curies":[{"name":"wp","href":"https:\/\/api.w.org\/{rel}","templated":true}]}}