{"id":5420,"date":"2020-11-30T11:32:02","date_gmt":"2020-11-30T10:32:02","guid":{"rendered":"https:\/\/angleo.com\/conditions-generales-de-vente\/"},"modified":"2020-11-30T11:32:02","modified_gmt":"2020-11-30T10:32:02","slug":"conditions-generales-de-vente","status":"publish","type":"page","link":"https:\/\/angleo.com\/es\/conditions-generales-de-vente\/","title":{"rendered":"Conditions G\u00e9n\u00e9rales de Vente"},"content":{"rendered":"<div>\n<h5>ANNULATION<\/h5>\n<div>Est d\u00fb le montant total du nombre de participants inscrits et confirm\u00e9s, les personnes se d\u00e9sistant,<\/div>\n<div>abandonnant ou en retard ne seront pas rembours\u00e9es.Toute prestation r\u00e9serv\u00e9e et pay\u00e9e ne donnera lieu \u00e0 aucun remboursement.<\/div>\n<\/div>\n<h5><\/h5>\n<h5>ARTICLE 1 &#8211; FORMATION DU CONTRAT ET CONDITIONS DE VENTE<\/h5>\n<div>Le paiement des billets se fait sur pr\u00e9sentation du mail de confirmation de pr\u00e9-r\u00e9servation ou de l\u2019e-billet au moment du cours.<\/div>\n<div><\/div>\n<h5><\/h5>\n<h5>ARTICLE 2 &#8211; TARIFS<\/h5>\n<div>Prix en euros par activit\u00e9 et par personne.<\/div>\n<div><\/div>\n<h5><\/h5>\n<h5>ARTICLE 3 &#8211; MODIFICATION DU CONTRAT<\/h5>\n<div>Toute modification doit faire l&#8217;objet d&#8217;une demande \u00e9crite de la part du client. Le prestataire doit \u00e9galement confirmer son acceptation par \u00e9crit. En cas de d\u00e9saccord, le prestataire se r\u00e9serve le droit d&#8217;annuler le contrat et d&#8217;appliquer si n\u00e9cessaire les p\u00e9nalit\u00e9s.<\/div>\n<div><\/div>\n<h5><\/h5>\n<h5>ARTICLE 4 &#8211; OBLIGATION DU PRESTATAIRE ENVERS LE CLIENT<\/h5>\n<div>En cas d\u2019\u00e9v\u00e9nements exceptionnels, cas de force majeure, d\u2019\u00e9v\u00e9nements impr\u00e9visibles o\u00f9 pour assurer la s\u00e9curit\u00e9 des participants, le prestataire se r\u00e9serve la possibilit\u00e9 d&#8217;annuler l&#8217;activit\u00e9. Dans ce cas le client aura la possibilit\u00e9 d&#8217;effectuer la prestation \u00e0 une autre date en fonction des disponibilit\u00e9s du prestataire, aucun remboursement.<\/div>\n<div><\/div>\n<h5><\/h5>\n<h5>ARTICLE 5 &#8211; FORCE MAJEURE<\/h5>\n<div>En cas de force majeure, \u00e9v\u00e8nements impr\u00e9visibles, irr\u00e9sistibles ou ind\u00e9pendants de sa volont\u00e9, la partie concern\u00e9e doit n\u00e9anmoins informer l&#8217;autre partie par tous les moyens possibles afin de limiter les dommages potentiels.<\/div>\n<div><\/div>\n<h5><\/h5>\n<h5>ARTICLE 6 &#8211; CONDITIONS DE PAIEMENT<\/h5>\n<div>La prestation est pay\u00e9e \u00e0 la commande.<\/div>\n<div><\/div>\n<h5><\/h5>\n<h5>ARTICLE 7 &#8211; CONDITIONS D\u2019ANNULATION<\/h5>\n<div>Tous les frais cons\u00e9cutifs seront dus \u00e0 la Regie Angl\u00e9o.<\/div>\n<div>Toute annulation doit nous \u00eatre confirm\u00e9e par \u00e9crit en recommand\u00e9.<\/div>\n<div><\/div>\n<h5><\/h5>\n<h5>ARTICLE 8 &#8211; R\u00c9CLAMATION<\/h5>\n<div>Toute contestation ou r\u00e9clamation ne pourra \u00eatre prise en consid\u00e9ration que si elle est formul\u00e9e par \u00e9crit et adress\u00e9e par pli recommand\u00e9 au prestataire dans un d\u00e9lai de 8 jours maximum, apr\u00e8s le d\u00e9part du client.<\/div>\n<div><\/div>\n<h5><\/h5>\n<h5>ARTICLE 9 &#8211; ATTRIBUTION DE JURIDICTION<\/h5>\n<p>Tout litige qui n&#8217;aurait pu \u00eatre r\u00e9gl\u00e9 \u00e0 l&#8217;amiable, relatif \u00e0 la validit\u00e9, l&#8217;interpr\u00e9tation, l&#8217;ex\u00e9cution du pr\u00e9sent contrat, sera soumis \u00e0 l&#8217;appr\u00e9ciation du Tribunal de Perpignan.<\/p>\n<\/div>\n<div><\/div>\n<div><\/div>\n<div><\/div>\n<div><\/div>\n<div><strong>Paiement de l&#8217;acompte :<\/strong> Pas d&#8217;acompte, paiement 100% de la commande<\/div>\n","protected":false},"excerpt":{"rendered":"<p>ANNULATION Est d\u00fb le montant total du nombre de participants inscrits et confirm\u00e9s, les personnes se d\u00e9sistant, abandonnant ou en retard ne seront pas rembours\u00e9es.Toute prestation r\u00e9serv\u00e9e et pay\u00e9e ne donnera lieu \u00e0 aucun remboursement. ARTICLE 1 &#8211; FORMATION DU CONTRAT ET CONDITIONS DE VENTE Le paiement des billets se fait sur pr\u00e9sentation du mail [&hellip;]<\/p>\n","protected":false},"author":1,"featured_media":0,"parent":0,"menu_order":0,"comment_status":"closed","ping_status":"closed","template":"","meta":{"_acf_changed":false,"_et_pb_use_builder":"","_et_pb_old_content":"","_et_gb_content_width":"","inline_featured_image":false,"footnotes":""},"class_list":["post-5420","page","type-page","status-publish","hentry"],"acf":[],"yoast_head":"<!-- This site is optimized with the Yoast SEO plugin v27.2 - https:\/\/yoast.com\/product\/yoast-seo-wordpress\/ -->\n<title>Conditions G\u00e9n\u00e9rales de Vente - Angleo<\/title>\n<meta name=\"robots\" content=\"index, follow, max-snippet:-1, max-image-preview:large, max-video-preview:-1\" \/>\n<link rel=\"canonical\" href=\"https:\/\/angleo.com\/es\/conditions-generales-de-vente\/\" \/>\n<meta property=\"og:locale\" content=\"es_ES\" \/>\n<meta property=\"og:type\" content=\"article\" \/>\n<meta property=\"og:title\" content=\"Conditions G\u00e9n\u00e9rales de Vente - Angleo\" \/>\n<meta property=\"og:description\" content=\"ANNULATION Est d\u00fb le montant total du nombre de participants inscrits et confirm\u00e9s, les personnes se d\u00e9sistant, abandonnant ou en retard ne seront pas rembours\u00e9es.Toute prestation r\u00e9serv\u00e9e et pay\u00e9e ne donnera lieu \u00e0 aucun remboursement. ARTICLE 1 &#8211; FORMATION DU CONTRAT ET CONDITIONS DE VENTE Le paiement des billets se fait sur pr\u00e9sentation du mail [&hellip;]\" \/>\n<meta property=\"og:site_name\" content=\"Angleo\" \/>\n<meta property=\"article:publisher\" content=\"https:\/\/www.facebook.com\/angleobalneospa\" \/>\n<meta name=\"twitter:card\" content=\"summary_large_image\" \/>\n<script type=\"application\/ld+json\" class=\"yoast-schema-graph\">{\"@context\":\"https:\/\/schema.org\",\"@graph\":[{\"@type\":\"WebPage\",\"@id\":\"https:\/\/angleo.com\/es\/conditions-generales-de-vente\/\",\"url\":\"https:\/\/angleo.com\/es\/conditions-generales-de-vente\/\",\"name\":\"Conditions G\u00e9n\u00e9rales de Vente - Angleo\",\"isPartOf\":{\"@id\":\"https:\/\/angleo.com\/es\/#website\"},\"datePublished\":\"2020-11-30T10:32:02+00:00\",\"breadcrumb\":{\"@id\":\"https:\/\/angleo.com\/es\/conditions-generales-de-vente\/#breadcrumb\"},\"inLanguage\":\"es\",\"potentialAction\":[{\"@type\":\"ReadAction\",\"target\":[\"https:\/\/angleo.com\/es\/conditions-generales-de-vente\/\"]}]},{\"@type\":\"BreadcrumbList\",\"@id\":\"https:\/\/angleo.com\/es\/conditions-generales-de-vente\/#breadcrumb\",\"itemListElement\":[{\"@type\":\"ListItem\",\"position\":1,\"name\":\"Accueil\",\"item\":\"https:\/\/angleo.com\/es\/\"},{\"@type\":\"ListItem\",\"position\":2,\"name\":\"Conditions G\u00e9n\u00e9rales de Vente\"}]},{\"@type\":\"WebSite\",\"@id\":\"https:\/\/angleo.com\/es\/#website\",\"url\":\"https:\/\/angleo.com\/es\/\",\"name\":\"Angleo\",\"description\":\"Un site utilisant Les sites de la plateforme Les Angles\",\"potentialAction\":[{\"@type\":\"SearchAction\",\"target\":{\"@type\":\"EntryPoint\",\"urlTemplate\":\"https:\/\/angleo.com\/es\/?s={search_term_string}\"},\"query-input\":{\"@type\":\"PropertyValueSpecification\",\"valueRequired\":true,\"valueName\":\"search_term_string\"}}],\"inLanguage\":\"es\"}]}<\/script>\n<!-- \/ Yoast SEO plugin. -->","yoast_head_json":{"title":"Conditions G\u00e9n\u00e9rales de Vente - Angleo","robots":{"index":"index","follow":"follow","max-snippet":"max-snippet:-1","max-image-preview":"max-image-preview:large","max-video-preview":"max-video-preview:-1"},"canonical":"https:\/\/angleo.com\/es\/conditions-generales-de-vente\/","og_locale":"es_ES","og_type":"article","og_title":"Conditions G\u00e9n\u00e9rales de Vente - Angleo","og_description":"ANNULATION Est d\u00fb le montant total du nombre de participants inscrits et confirm\u00e9s, les personnes se d\u00e9sistant, abandonnant ou en retard ne seront pas rembours\u00e9es.Toute prestation r\u00e9serv\u00e9e et pay\u00e9e ne donnera lieu \u00e0 aucun remboursement. ARTICLE 1 &#8211; FORMATION DU CONTRAT ET CONDITIONS DE VENTE Le paiement des billets se fait sur pr\u00e9sentation du mail [&hellip;]","og_site_name":"Angleo","article_publisher":"https:\/\/www.facebook.com\/angleobalneospa","twitter_card":"summary_large_image","schema":{"@context":"https:\/\/schema.org","@graph":[{"@type":"WebPage","@id":"https:\/\/angleo.com\/es\/conditions-generales-de-vente\/","url":"https:\/\/angleo.com\/es\/conditions-generales-de-vente\/","name":"Conditions G\u00e9n\u00e9rales de Vente - Angleo","isPartOf":{"@id":"https:\/\/angleo.com\/es\/#website"},"datePublished":"2020-11-30T10:32:02+00:00","breadcrumb":{"@id":"https:\/\/angleo.com\/es\/conditions-generales-de-vente\/#breadcrumb"},"inLanguage":"es","potentialAction":[{"@type":"ReadAction","target":["https:\/\/angleo.com\/es\/conditions-generales-de-vente\/"]}]},{"@type":"BreadcrumbList","@id":"https:\/\/angleo.com\/es\/conditions-generales-de-vente\/#breadcrumb","itemListElement":[{"@type":"ListItem","position":1,"name":"Accueil","item":"https:\/\/angleo.com\/es\/"},{"@type":"ListItem","position":2,"name":"Conditions G\u00e9n\u00e9rales de Vente"}]},{"@type":"WebSite","@id":"https:\/\/angleo.com\/es\/#website","url":"https:\/\/angleo.com\/es\/","name":"Angleo","description":"Un site utilisant Les sites de la plateforme Les Angles","potentialAction":[{"@type":"SearchAction","target":{"@type":"EntryPoint","urlTemplate":"https:\/\/angleo.com\/es\/?s={search_term_string}"},"query-input":{"@type":"PropertyValueSpecification","valueRequired":true,"valueName":"search_term_string"}}],"inLanguage":"es"}]}},"_links":{"self":[{"href":"https:\/\/angleo.com\/es\/wp-json\/wp\/v2\/pages\/5420","targetHints":{"allow":["GET"]}}],"collection":[{"href":"https:\/\/angleo.com\/es\/wp-json\/wp\/v2\/pages"}],"about":[{"href":"https:\/\/angleo.com\/es\/wp-json\/wp\/v2\/types\/page"}],"author":[{"embeddable":true,"href":"https:\/\/angleo.com\/es\/wp-json\/wp\/v2\/users\/1"}],"replies":[{"embeddable":true,"href":"https:\/\/angleo.com\/es\/wp-json\/wp\/v2\/comments?post=5420"}],"version-history":[{"count":0,"href":"https:\/\/angleo.com\/es\/wp-json\/wp\/v2\/pages\/5420\/revisions"}],"wp:attachment":[{"href":"https:\/\/angleo.com\/es\/wp-json\/wp\/v2\/media?parent=5420"}],"curies":[{"name":"wp","href":"https:\/\/api.w.org\/{rel}","templated":true}]}}